{"id":1822,"date":"2024-08-27T17:48:19","date_gmt":"2024-08-27T17:48:19","guid":{"rendered":"https:\/\/teste.inventocom.com.br\/?page_id=1822"},"modified":"2024-11-08T13:57:33","modified_gmt":"2024-11-08T13:57:33","slug":"projetos-inventocom","status":"publish","type":"page","link":"https:\/\/inventocom.com.br\/index.php\/projetos-inventocom\/","title":{"rendered":"Projetos inventocom"},"content":{"rendered":"\t\t<div data-elementor-type=\"wp-page\" data-elementor-id=\"1822\" class=\"elementor elementor-1822\">\n\t\t\t\t<div class=\"elementor-element elementor-element-caa91c2 e-con-full e-flex e-con e-parent\" data-id=\"caa91c2\" data-element_type=\"container\">\n\t\t<div class=\"elementor-element elementor-element-67e7857 e-con-full e-flex e-con e-child\" data-id=\"67e7857\" data-element_type=\"container\" data-settings=\"{&quot;background_background&quot;:&quot;classic&quot;}\">\n\t\t<div class=\"elementor-element elementor-element-a94e000 e-flex e-con-boxed e-con e-child\" data-id=\"a94e000\" data-element_type=\"container\">\n\t\t\t\t\t<div class=\"e-con-inner\">\n\t\t\t\t<div class=\"elementor-element elementor-element-02afd59 elementor-widget elementor-widget-shortcode\" data-id=\"02afd59\" data-element_type=\"widget\" data-widget_type=\"shortcode.default\">\n\t\t\t\t<div class=\"elementor-widget-container\">\n\t\t\t\t\t<div class=\"elementor-shortcode\"><\/div>\n\t\t\t\t<\/div>\n\t\t\t\t<\/div>\n\t\t\t\t<div class=\"elementor-element elementor-element-f4a9dab elementor-widget__width-initial elementor-widget-tablet__width-inherit elementor-widget elementor-widget-heading\" data-id=\"f4a9dab\" data-element_type=\"widget\" data-widget_type=\"heading.default\">\n\t\t\t\t<div class=\"elementor-widget-container\">\n\t\t\t<style>\/*! elementor - v3.23.0 - 05-08-2024 *\/\n.elementor-heading-title{padding:0;margin:0;line-height:1}.elementor-widget-heading .elementor-heading-title[class*=elementor-size-]>a{color:inherit;font-size:inherit;line-height:inherit}.elementor-widget-heading .elementor-heading-title.elementor-size-small{font-size:15px}.elementor-widget-heading .elementor-heading-title.elementor-size-medium{font-size:19px}.elementor-widget-heading .elementor-heading-title.elementor-size-large{font-size:29px}.elementor-widget-heading .elementor-heading-title.elementor-size-xl{font-size:39px}.elementor-widget-heading .elementor-heading-title.elementor-size-xxl{font-size:59px}<\/style><h2 class=\"elementor-heading-title elementor-size-default\">Confira alguns dos nossos projetos <\/h2>\t\t<\/div>\n\t\t\t\t<\/div>\n\t\t\t\t\t<\/div>\n\t\t\t\t<\/div>\n\t\t\t\t<\/div>\n\t\t\t\t<\/div>\n\t\t<div class=\"elementor-element elementor-element-403296b e-flex e-con-boxed e-con e-parent\" data-id=\"403296b\" data-element_type=\"container\" data-settings=\"{&quot;background_background&quot;:&quot;classic&quot;}\">\n\t\t\t\t\t<div class=\"e-con-inner\">\n\t\t\t\t<div class=\"elementor-element elementor-element-c174be0 elementor-widget elementor-widget-text-editor\" data-id=\"c174be0\" data-element_type=\"widget\" data-widget_type=\"text-editor.default\">\n\t\t\t\t<div class=\"elementor-widget-container\">\n\t\t\t<style>\/*! elementor - v3.23.0 - 05-08-2024 *\/\n.elementor-widget-text-editor.elementor-drop-cap-view-stacked .elementor-drop-cap{background-color:#69727d;color:#fff}.elementor-widget-text-editor.elementor-drop-cap-view-framed .elementor-drop-cap{color:#69727d;border:3px solid;background-color:transparent}.elementor-widget-text-editor:not(.elementor-drop-cap-view-default) .elementor-drop-cap{margin-top:8px}.elementor-widget-text-editor:not(.elementor-drop-cap-view-default) .elementor-drop-cap-letter{width:1em;height:1em}.elementor-widget-text-editor .elementor-drop-cap{float:left;text-align:center;line-height:1;font-size:50px}.elementor-widget-text-editor .elementor-drop-cap-letter{display:inline-block}<\/style>\t\t\t\t<p>Portf\u00f3lio<\/p>\t\t\t\t\t\t<\/div>\n\t\t\t\t<\/div>\n\t\t\t\t<div class=\"elementor-element elementor-element-71e731e elementor-widget elementor-widget-heading\" data-id=\"71e731e\" data-element_type=\"widget\" data-widget_type=\"heading.default\">\n\t\t\t\t<div class=\"elementor-widget-container\">\n\t\t\t<h2 class=\"elementor-heading-title elementor-size-default\">Nossos projetos<\/h2>\t\t<\/div>\n\t\t\t\t<\/div>\n\t\t\t\t<div class=\"elementor-element elementor-element-313ca10 elementor-widget elementor-widget-text-editor\" data-id=\"313ca10\" data-element_type=\"widget\" data-widget_type=\"text-editor.default\">\n\t\t\t\t<div class=\"elementor-widget-container\">\n\t\t\t\t\t\t\t<p>N\u00f3s da ag\u00eancia Inventocom oferecemos diversos servi\u00e7os e solu\u00e7\u00f5es de tecnologia, estrat\u00e9gias de vendas e marketing digital<\/p>\t\t\t\t\t\t<\/div>\n\t\t\t\t<\/div>\n\t\t<div class=\"elementor-element elementor-element-da962b3 e-flex e-con-boxed e-con e-child\" data-id=\"da962b3\" data-element_type=\"container\">\n\t\t\t\t\t<div class=\"e-con-inner\">\n\t\t<div class=\"elementor-element elementor-element-b2fde2b e-con-full e-flex e-con e-child\" data-id=\"b2fde2b\" data-element_type=\"container\">\n\t\t<a class=\"elementor-element elementor-element-0abce0c e-con-full e-flex e-con e-child\" data-id=\"0abce0c\" data-element_type=\"container\" data-settings=\"{&quot;background_background&quot;:&quot;classic&quot;}\" href=\"https:\/\/www.hospitalis.com.br\/\" target=\"_blank\">\n\t\t\t\t<div class=\"elementor-element elementor-element-20ac573 elementor-widget elementor-widget-text-editor\" data-id=\"20ac573\" data-element_type=\"widget\" data-widget_type=\"text-editor.default\">\n\t\t\t\t<div class=\"elementor-widget-container\">\n\t\t\t\t\t\t\t<p>Desenvolvimento portal<\/p>\t\t\t\t\t\t<\/div>\n\t\t\t\t<\/div>\n\t\t\t\t<div class=\"elementor-element elementor-element-bdc2812 elementor-widget elementor-widget-heading\" data-id=\"bdc2812\" data-element_type=\"widget\" data-widget_type=\"heading.default\">\n\t\t\t\t<div class=\"elementor-widget-container\">\n\t\t\t<h5 class=\"elementor-heading-title elementor-size-default\">Hospital Hospitalis <\/h5>\t\t<\/div>\n\t\t\t\t<\/div>\n\t\t\t\t<\/a>\n\t\t<div class=\"elementor-element elementor-element-5b5b438 e-flex e-con-boxed e-con e-child\" data-id=\"5b5b438\" data-element_type=\"container\">\n\t\t\t\t\t<div class=\"e-con-inner\">\n\t\t<a class=\"elementor-element elementor-element-3051f87 e-con-full e-flex e-con e-child\" data-id=\"3051f87\" data-element_type=\"container\" data-settings=\"{&quot;background_background&quot;:&quot;classic&quot;}\" href=\"https:\/\/miltonromero.com.br\/\" target=\"_blank\">\n\t\t\t\t<div class=\"elementor-element elementor-element-26ee9be elementor-widget elementor-widget-text-editor\" data-id=\"26ee9be\" data-element_type=\"widget\" data-widget_type=\"text-editor.default\">\n\t\t\t\t<div class=\"elementor-widget-container\">\n\t\t\t\t\t\t\t<p>Site institucional<\/p>\t\t\t\t\t\t<\/div>\n\t\t\t\t<\/div>\n\t\t\t\t<div class=\"elementor-element elementor-element-8cfa753 elementor-widget elementor-widget-heading\" data-id=\"8cfa753\" data-element_type=\"widget\" data-widget_type=\"heading.default\">\n\t\t\t\t<div class=\"elementor-widget-container\">\n\t\t\t<h5 class=\"elementor-heading-title elementor-size-default\">Arquiteto Milton Romero<\/h5>\t\t<\/div>\n\t\t\t\t<\/div>\n\t\t\t\t<\/a>\n\t\t<a class=\"elementor-element elementor-element-7245df2 e-con-full e-flex e-con e-child\" data-id=\"7245df2\" data-element_type=\"container\" data-settings=\"{&quot;background_background&quot;:&quot;classic&quot;}\" href=\"https:\/\/www.wffconsultoria.com\/\" target=\"_blank\">\n\t\t\t\t<div class=\"elementor-element elementor-element-392c7ef elementor-widget elementor-widget-text-editor\" data-id=\"392c7ef\" data-element_type=\"widget\" data-widget_type=\"text-editor.default\">\n\t\t\t\t<div class=\"elementor-widget-container\">\n\t\t\t\t\t\t\t<p>Site institucional<\/p>\t\t\t\t\t\t<\/div>\n\t\t\t\t<\/div>\n\t\t\t\t<div class=\"elementor-element elementor-element-2b2f89c elementor-widget elementor-widget-heading\" data-id=\"2b2f89c\" data-element_type=\"widget\" data-widget_type=\"heading.default\">\n\t\t\t\t<div class=\"elementor-widget-container\">\n\t\t\t<h5 class=\"elementor-heading-title elementor-size-default\">WFF Upper<\/h5>\t\t<\/div>\n\t\t\t\t<\/div>\n\t\t\t\t<\/a>\n\t\t\t\t\t<\/div>\n\t\t\t\t<\/div>\n\t\t<div class=\"elementor-element elementor-element-4ff973c e-con-full e-flex e-con e-child\" data-id=\"4ff973c\" data-element_type=\"container\">\n\t\t<a class=\"elementor-element elementor-element-0f2c079 e-con-full e-flex e-con e-child\" data-id=\"0f2c079\" data-element_type=\"container\" data-settings=\"{&quot;background_background&quot;:&quot;classic&quot;}\" href=\"https:\/\/lvodontologia.com.br\/\" target=\"_blank\">\n\t\t\t\t<div class=\"elementor-element elementor-element-1d5c72b elementor-widget elementor-widget-text-editor\" data-id=\"1d5c72b\" data-element_type=\"widget\" data-widget_type=\"text-editor.default\">\n\t\t\t\t<div class=\"elementor-widget-container\">\n\t\t\t\t\t\t\t<p>Site clinica<\/p>\t\t\t\t\t\t<\/div>\n\t\t\t\t<\/div>\n\t\t\t\t<div class=\"elementor-element elementor-element-893a333 elementor-widget elementor-widget-heading\" data-id=\"893a333\" data-element_type=\"widget\" data-widget_type=\"heading.default\">\n\t\t\t\t<div class=\"elementor-widget-container\">\n\t\t\t<h5 class=\"elementor-heading-title elementor-size-default\">LV Odontologia<\/h5>\t\t<\/div>\n\t\t\t\t<\/div>\n\t\t\t\t<\/a>\n\t\t<a class=\"elementor-element elementor-element-2578036 e-con-full e-flex e-con e-child\" data-id=\"2578036\" data-element_type=\"container\" data-settings=\"{&quot;background_background&quot;:&quot;classic&quot;}\" href=\"https:\/\/gramarmores.com.br\/\" target=\"_blank\">\n\t\t\t\t<div class=\"elementor-element elementor-element-d6953ef elementor-widget elementor-widget-text-editor\" data-id=\"d6953ef\" data-element_type=\"widget\" data-widget_type=\"text-editor.default\">\n\t\t\t\t<div class=\"elementor-widget-container\">\n\t\t\t\t\t\t\t<p>Site f\u00e1brica<\/p>\t\t\t\t\t\t<\/div>\n\t\t\t\t<\/div>\n\t\t\t\t<div class=\"elementor-element elementor-element-057ce33 elementor-widget elementor-widget-heading\" data-id=\"057ce33\" data-element_type=\"widget\" data-widget_type=\"heading.default\">\n\t\t\t\t<div class=\"elementor-widget-container\">\n\t\t\t<h5 class=\"elementor-heading-title elementor-size-default\">Gabriel Cruz m\u00e1rmores<\/h5>\t\t<\/div>\n\t\t\t\t<\/div>\n\t\t\t\t<\/a>\n\t\t\t\t<\/div>\n\t\t<a class=\"elementor-element elementor-element-d71c9cd e-con-full e-flex e-con e-child\" data-id=\"d71c9cd\" data-element_type=\"container\" data-settings=\"{&quot;background_background&quot;:&quot;classic&quot;}\">\n\t\t\t\t<div class=\"elementor-element elementor-element-f930eb2 elementor-widget elementor-widget-text-editor\" data-id=\"f930eb2\" data-element_type=\"widget\" data-widget_type=\"text-editor.default\">\n\t\t\t\t<div class=\"elementor-widget-container\">\n\t\t\t\t\t\t\t<p>Site institucional\u00a0<\/p>\t\t\t\t\t\t<\/div>\n\t\t\t\t<\/div>\n\t\t\t\t<div class=\"elementor-element elementor-element-2bbc120 elementor-widget elementor-widget-heading\" data-id=\"2bbc120\" data-element_type=\"widget\" data-widget_type=\"heading.default\">\n\t\t\t\t<div class=\"elementor-widget-container\">\n\t\t\t<h5 class=\"elementor-heading-title elementor-size-default\">A.N Silva Advocacia<\/h5>\t\t<\/div>\n\t\t\t\t<\/div>\n\t\t\t\t<\/a>\n\t\t<div class=\"elementor-element elementor-element-4eebf7d e-con-full e-flex e-con e-child\" data-id=\"4eebf7d\" data-element_type=\"container\">\n\t\t<a class=\"elementor-element elementor-element-20df0ba e-con-full e-flex e-con e-child\" data-id=\"20df0ba\" data-element_type=\"container\" data-settings=\"{&quot;background_background&quot;:&quot;classic&quot;}\" href=\"https:\/\/www.wffconsultoria.com\/\" target=\"_blank\">\n\t\t\t\t<div class=\"elementor-element elementor-element-f739ed3 elementor-widget elementor-widget-text-editor\" data-id=\"f739ed3\" data-element_type=\"widget\" data-widget_type=\"text-editor.default\">\n\t\t\t\t<div class=\"elementor-widget-container\">\n\t\t\t\t\t\t\t<p>Site institucional<\/p>\t\t\t\t\t\t<\/div>\n\t\t\t\t<\/div>\n\t\t\t\t<div class=\"elementor-element elementor-element-862adaa elementor-widget elementor-widget-heading\" data-id=\"862adaa\" data-element_type=\"widget\" data-widget_type=\"heading.default\">\n\t\t\t\t<div class=\"elementor-widget-container\">\n\t\t\t<h5 class=\"elementor-heading-title elementor-size-default\">KR Arquitetura<\/h5>\t\t<\/div>\n\t\t\t\t<\/div>\n\t\t\t\t<\/a>\n\t\t<a class=\"elementor-element elementor-element-a4bfaba e-con-full e-flex e-con e-child\" data-id=\"a4bfaba\" data-element_type=\"container\" data-settings=\"{&quot;background_background&quot;:&quot;classic&quot;}\" href=\"https:\/\/marmorariagabrielcruz.com.br\/\" target=\"_blank\">\n\t\t\t\t<div class=\"elementor-element elementor-element-772efca elementor-widget elementor-widget-text-editor\" data-id=\"772efca\" data-element_type=\"widget\" data-widget_type=\"text-editor.default\">\n\t\t\t\t<div class=\"elementor-widget-container\">\n\t\t\t\t\t\t\t<p>Site f\u00e1brica<\/p>\t\t\t\t\t\t<\/div>\n\t\t\t\t<\/div>\n\t\t\t\t<div class=\"elementor-element elementor-element-f5b06c4 elementor-widget elementor-widget-heading\" data-id=\"f5b06c4\" data-element_type=\"widget\" data-widget_type=\"heading.default\">\n\t\t\t\t<div class=\"elementor-widget-container\">\n\t\t\t<h5 class=\"elementor-heading-title elementor-size-default\">Gr\u00e1 m\u00e1rmores<\/h5>\t\t<\/div>\n\t\t\t\t<\/div>\n\t\t\t\t<\/a>\n\t\t\t\t<\/div>\n\t\t\t\t<\/div>\n\t\t<div class=\"elementor-element elementor-element-ef04f34 e-con-full e-flex e-con e-child\" data-id=\"ef04f34\" data-element_type=\"container\">\n\t\t<a class=\"elementor-element elementor-element-3300a48 e-con-full e-flex e-con e-child\" data-id=\"3300a48\" data-element_type=\"container\" data-settings=\"{&quot;background_background&quot;:&quot;classic&quot;}\" href=\"https:\/\/drjeffersonsouza.com.br\/\" target=\"_blank\">\n\t\t\t\t<div class=\"elementor-element elementor-element-9b48da8 elementor-widget elementor-widget-text-editor\" data-id=\"9b48da8\" data-element_type=\"widget\" data-widget_type=\"text-editor.default\">\n\t\t\t\t<div class=\"elementor-widget-container\">\n\t\t\t\t\t\t\t<p>Site institucional\u00a0<\/p>\t\t\t\t\t\t<\/div>\n\t\t\t\t<\/div>\n\t\t\t\t<div class=\"elementor-element elementor-element-7f5259a elementor-widget elementor-widget-heading\" data-id=\"7f5259a\" data-element_type=\"widget\" data-widget_type=\"heading.default\">\n\t\t\t\t<div class=\"elementor-widget-container\">\n\t\t\t<h5 class=\"elementor-heading-title elementor-size-default\">Cirurgi\u00e3o Dr. Jefferson<\/h5>\t\t<\/div>\n\t\t\t\t<\/div>\n\t\t\t\t<\/a>\n\t\t<a class=\"elementor-element elementor-element-d0d2266 e-con-full e-flex e-con e-child\" data-id=\"d0d2266\" data-element_type=\"container\" data-settings=\"{&quot;background_background&quot;:&quot;classic&quot;}\" href=\"https:\/\/mariliapark.com.br\/\" target=\"_blank\">\n\t\t\t\t<div class=\"elementor-element elementor-element-df1144e elementor-widget elementor-widget-text-editor\" data-id=\"df1144e\" data-element_type=\"widget\" data-widget_type=\"text-editor.default\">\n\t\t\t\t<div class=\"elementor-widget-container\">\n\t\t\t\t\t\t\t<p>Empresa de Valet\u00a0<\/p>\t\t\t\t\t\t<\/div>\n\t\t\t\t<\/div>\n\t\t\t\t<div class=\"elementor-element elementor-element-f29961f elementor-widget elementor-widget-heading\" data-id=\"f29961f\" data-element_type=\"widget\" data-widget_type=\"heading.default\">\n\t\t\t\t<div class=\"elementor-widget-container\">\n\t\t\t<h5 class=\"elementor-heading-title elementor-size-default\">Mar\u00edlia Park <\/h5>\t\t<\/div>\n\t\t\t\t<\/div>\n\t\t\t\t<\/a>\n\t\t<a class=\"elementor-element elementor-element-665fd72 e-con-full e-flex e-con e-child\" data-id=\"665fd72\" data-element_type=\"container\" data-settings=\"{&quot;background_background&quot;:&quot;classic&quot;}\" href=\"https:\/\/faraossecurity.com.br\/\" target=\"_blank\">\n\t\t\t\t<div class=\"elementor-element elementor-element-6c9795f elementor-widget elementor-widget-text-editor\" data-id=\"6c9795f\" data-element_type=\"widget\" data-widget_type=\"text-editor.default\">\n\t\t\t\t<div class=\"elementor-widget-container\">\n\t\t\t\t\t\t\t<p>Empresa facilities<\/p>\t\t\t\t\t\t<\/div>\n\t\t\t\t<\/div>\n\t\t\t\t<div class=\"elementor-element elementor-element-5012a8b elementor-widget elementor-widget-heading\" data-id=\"5012a8b\" data-element_type=\"widget\" data-widget_type=\"heading.default\">\n\t\t\t\t<div class=\"elementor-widget-container\">\n\t\t\t<h5 class=\"elementor-heading-title elementor-size-default\">Fara\u00f3s security<\/h5>\t\t<\/div>\n\t\t\t\t<\/div>\n\t\t\t\t<\/a>\n\t\t<a class=\"elementor-element elementor-element-9df38f6 e-con-full e-flex e-con e-child\" data-id=\"9df38f6\" data-element_type=\"container\" data-settings=\"{&quot;background_background&quot;:&quot;classic&quot;}\" href=\"https:\/\/xpaper.com.br\/\" target=\"_blank\">\n\t\t\t\t<div class=\"elementor-element elementor-element-04f912d elementor-widget elementor-widget-text-editor\" data-id=\"04f912d\" data-element_type=\"widget\" data-widget_type=\"text-editor.default\">\n\t\t\t\t<div class=\"elementor-widget-container\">\n\t\t\t\t\t\t\t<p>Site institucional<\/p>\t\t\t\t\t\t<\/div>\n\t\t\t\t<\/div>\n\t\t\t\t<div class=\"elementor-element elementor-element-f32888d elementor-widget elementor-widget-heading\" data-id=\"f32888d\" data-element_type=\"widget\" data-widget_type=\"heading.default\">\n\t\t\t\t<div class=\"elementor-widget-container\">\n\t\t\t<h5 class=\"elementor-heading-title elementor-size-default\">X Paper<\/h5>\t\t<\/div>\n\t\t\t\t<\/div>\n\t\t\t\t<\/a>\n\t\t<a class=\"elementor-element elementor-element-fde41d8 e-con-full e-flex e-con e-child\" data-id=\"fde41d8\" data-element_type=\"container\" data-settings=\"{&quot;background_background&quot;:&quot;classic&quot;}\" href=\"https:\/\/marmorariasiaocruz.com.br\/\" target=\"_blank\">\n\t\t\t\t<div class=\"elementor-element elementor-element-27a84d1 elementor-widget elementor-widget-text-editor\" data-id=\"27a84d1\" data-element_type=\"widget\" data-widget_type=\"text-editor.default\">\n\t\t\t\t<div class=\"elementor-widget-container\">\n\t\t\t\t\t\t\t<p>Site f\u00e1brica<\/p>\t\t\t\t\t\t<\/div>\n\t\t\t\t<\/div>\n\t\t\t\t<div class=\"elementor-element elementor-element-dc4f0a0 elementor-widget elementor-widget-heading\" data-id=\"dc4f0a0\" data-element_type=\"widget\" data-widget_type=\"heading.default\">\n\t\t\t\t<div class=\"elementor-widget-container\">\n\t\t\t<h5 class=\"elementor-heading-title elementor-size-default\">Si\u00e3o Cruz<\/h5>\t\t<\/div>\n\t\t\t\t<\/div>\n\t\t\t\t<\/a>\n\t\t<a class=\"elementor-element elementor-element-ee190ec e-con-full e-flex e-con e-child\" data-id=\"ee190ec\" data-element_type=\"container\" data-settings=\"{&quot;background_background&quot;:&quot;classic&quot;}\" href=\"https:\/\/www.locavargem.com.br\/\" target=\"_blank\">\n\t\t\t\t<div class=\"elementor-element elementor-element-6aba9ad elementor-widget elementor-widget-text-editor\" data-id=\"6aba9ad\" data-element_type=\"widget\" data-widget_type=\"text-editor.default\">\n\t\t\t\t<div class=\"elementor-widget-container\">\n\t\t\t\t\t\t\t<p>Site institucional\u00a0<\/p>\t\t\t\t\t\t<\/div>\n\t\t\t\t<\/div>\n\t\t\t\t<div class=\"elementor-element elementor-element-282d395 elementor-widget elementor-widget-heading\" data-id=\"282d395\" data-element_type=\"widget\" data-widget_type=\"heading.default\">\n\t\t\t\t<div class=\"elementor-widget-container\">\n\t\t\t<h5 class=\"elementor-heading-title elementor-size-default\">Locavargem<\/h5>\t\t<\/div>\n\t\t\t\t<\/div>\n\t\t\t\t<\/a>\n\t\t<a class=\"elementor-element elementor-element-d8e44e3 e-con-full e-flex e-con e-child\" data-id=\"d8e44e3\" data-element_type=\"container\" data-settings=\"{&quot;background_background&quot;:&quot;classic&quot;}\" href=\"https:\/\/souzamarmoresegranitos.com.br\/\" target=\"_blank\">\n\t\t\t\t<div class=\"elementor-element elementor-element-3f80dfd elementor-widget elementor-widget-text-editor\" data-id=\"3f80dfd\" data-element_type=\"widget\" data-widget_type=\"text-editor.default\">\n\t\t\t\t<div class=\"elementor-widget-container\">\n\t\t\t\t\t\t\t<p>Site f\u00e1brica<\/p>\t\t\t\t\t\t<\/div>\n\t\t\t\t<\/div>\n\t\t\t\t<div class=\"elementor-element elementor-element-973358e elementor-widget elementor-widget-heading\" data-id=\"973358e\" data-element_type=\"widget\" data-widget_type=\"heading.default\">\n\t\t\t\t<div class=\"elementor-widget-container\">\n\t\t\t<h5 class=\"elementor-heading-title elementor-size-default\">Souza m\u00e1rmores<\/h5>\t\t<\/div>\n\t\t\t\t<\/div>\n\t\t\t\t<\/a>\n\t\t<a class=\"elementor-element elementor-element-6571932 e-con-full e-flex e-con e-child\" data-id=\"6571932\" data-element_type=\"container\" data-settings=\"{&quot;background_background&quot;:&quot;classic&quot;}\" href=\"https:\/\/ansilvaadvocacia.com.br\/\" target=\"_blank\">\n\t\t\t\t<div class=\"elementor-element elementor-element-948f5de elementor-widget elementor-widget-text-editor\" data-id=\"948f5de\" data-element_type=\"widget\" data-widget_type=\"text-editor.default\">\n\t\t\t\t<div class=\"elementor-widget-container\">\n\t\t\t\t\t\t\t<p>Site institucional\u00a0<\/p>\t\t\t\t\t\t<\/div>\n\t\t\t\t<\/div>\n\t\t\t\t<div class=\"elementor-element elementor-element-ce78627 elementor-widget elementor-widget-heading\" data-id=\"ce78627\" data-element_type=\"widget\" data-widget_type=\"heading.default\">\n\t\t\t\t<div class=\"elementor-widget-container\">\n\t\t\t<h5 class=\"elementor-heading-title elementor-size-default\">MR Bucomaxilo<\/h5>\t\t<\/div>\n\t\t\t\t<\/div>\n\t\t\t\t<\/a>\n\t\t\t\t<\/div>\n\t\t\t\t\t<\/div>\n\t\t\t\t<\/div>\n\t\t\t\t\t<\/div>\n\t\t\t\t<\/div>\n\t\t<div class=\"elementor-element elementor-element-12f442a e-flex e-con-boxed e-con e-parent\" data-id=\"12f442a\" data-element_type=\"container\">\n\t\t\t\t\t<div class=\"e-con-inner\">\n\t\t<div class=\"elementor-element elementor-element-82a248d e-con-full e-flex e-con e-child\" data-id=\"82a248d\" data-element_type=\"container\" data-settings=\"{&quot;background_background&quot;:&quot;classic&quot;}\">\n\t\t<div class=\"elementor-element elementor-element-6df74ff e-con-full e-flex e-con e-child\" data-id=\"6df74ff\" data-element_type=\"container\">\n\t\t\t\t<div class=\"elementor-element elementor-element-e15c561 elementor-widget elementor-widget-heading\" data-id=\"e15c561\" data-element_type=\"widget\" data-widget_type=\"heading.default\">\n\t\t\t\t<div class=\"elementor-widget-container\">\n\t\t\t<h4 class=\"elementor-heading-title elementor-size-default\">Quer fazer sua empresa crescer?<\/h4>\t\t<\/div>\n\t\t\t\t<\/div>\n\t\t\t\t<div class=\"elementor-element elementor-element-fedf9ce elementor-widget elementor-widget-text-editor\" data-id=\"fedf9ce\" data-element_type=\"widget\" data-widget_type=\"text-editor.default\">\n\t\t\t\t<div class=\"elementor-widget-container\">\n\t\t\t\t\t\t\t<p>Fale conosco!\u00a0 Nosso time ir\u00e1 te ajudar a obter sempre os melhores resultados, e assim,\u00a0 sua empresa garante o t\u00e3o sonhado crescimento<\/p>\t\t\t\t\t\t<\/div>\n\t\t\t\t<\/div>\n\t\t\t\t<\/div>\n\t\t<div class=\"elementor-element elementor-element-76b212d e-con-full e-flex e-con e-child\" data-id=\"76b212d\" data-element_type=\"container\">\n\t\t\t\t<div class=\"elementor-element elementor-element-4e985b8 elementor-mobile-align-center elementor-align-right elementor-widget elementor-widget-button\" data-id=\"4e985b8\" data-element_type=\"widget\" data-widget_type=\"button.default\">\n\t\t\t\t<div class=\"elementor-widget-container\">\n\t\t\t\t\t<div class=\"elementor-button-wrapper\">\n\t\t\t<a class=\"elementor-button elementor-button-link elementor-size-sm\" href=\"#\">\n\t\t\t\t\t\t<span class=\"elementor-button-content-wrapper\">\n\t\t\t\t\t\t\t\t\t<span class=\"elementor-button-text\">Fale conosco<\/span>\n\t\t\t\t\t<\/span>\n\t\t\t\t\t<\/a>\n\t\t<\/div>\n\t\t\t\t<\/div>\n\t\t\t\t<\/div>\n\t\t\t\t<\/div>\n\t\t\t\t<\/div>\n\t\t\t\t\t<\/div>\n\t\t\t\t<\/div>\n\t\t\t\t<\/div>\n\t\t","protected":false},"excerpt":{"rendered":"<p>Confira alguns dos nossos projetos Portf\u00f3lio Nossos projetos N\u00f3s da ag\u00eancia Inventocom oferecemos diversos servi\u00e7os e solu\u00e7\u00f5es de tecnologia, estrat\u00e9gias de vendas e marketing digital Desenvolvimento portal Hospital Hospitalis Site institucional Arquiteto Milton Romero Site institucional WFF Upper Site clinica LV Odontologia Site f\u00e1brica Gabriel Cruz m\u00e1rmores Site institucional\u00a0 A.N Silva Advocacia Site institucional KR [&hellip;]<\/p>\n","protected":false},"author":1,"featured_media":0,"parent":0,"menu_order":0,"comment_status":"closed","ping_status":"closed","template":"","meta":{"_joinchat":[],"footnotes":""},"class_list":["post-1822","page","type-page","status-publish","hentry"],"blocksy_meta":{"vertical_spacing_source":"custom","content_area_spacing":"none","has_hero_section":"disabled","styles_descriptor":{"styles":{"desktop":"","tablet":"","mobile":""},"google_fonts":[],"version":6}},"_links":{"self":[{"href":"https:\/\/inventocom.com.br\/index.php\/wp-json\/wp\/v2\/pages\/1822","targetHints":{"allow":["GET"]}}],"collection":[{"href":"https:\/\/inventocom.com.br\/index.php\/wp-json\/wp\/v2\/pages"}],"about":[{"href":"https:\/\/inventocom.com.br\/index.php\/wp-json\/wp\/v2\/types\/page"}],"author":[{"embeddable":true,"href":"https:\/\/inventocom.com.br\/index.php\/wp-json\/wp\/v2\/users\/1"}],"replies":[{"embeddable":true,"href":"https:\/\/inventocom.com.br\/index.php\/wp-json\/wp\/v2\/comments?post=1822"}],"version-history":[{"count":592,"href":"https:\/\/inventocom.com.br\/index.php\/wp-json\/wp\/v2\/pages\/1822\/revisions"}],"predecessor-version":[{"id":3206,"href":"https:\/\/inventocom.com.br\/index.php\/wp-json\/wp\/v2\/pages\/1822\/revisions\/3206"}],"wp:attachment":[{"href":"https:\/\/inventocom.com.br\/index.php\/wp-json\/wp\/v2\/media?parent=1822"}],"curies":[{"name":"wp","href":"https:\/\/api.w.org\/{rel}","templated":true}]}}